{"id":50040631,"date":"2026-04-02T12:44:13","date_gmt":"2026-04-02T16:44:13","guid":{"rendered":"https:\/\/gp2stg.wpenginepowered.com\/?page_id=50040631"},"modified":"2026-04-02T12:44:18","modified_gmt":"2026-04-02T16:44:18","slug":"formation-2","status":"publish","type":"page","link":"https:\/\/gp2.org\/fr\/formation-2\/","title":{"rendered":"Formation"},"content":{"rendered":"","protected":false},"excerpt":{"rendered":"<p>Formation Chez GP2, nous nous engageons \u00e0 cr\u00e9er une communaut\u00e9 de recherche mondiale dot\u00e9e des outils et de l&rsquo;infrastructure n\u00e9cessaires pour r\u00e9pondre aux besoins et aux questions de recherche \u00e9mergents. L&rsquo;objectif du GP2 est non seulement d&rsquo;am\u00e9liorer notre compr\u00e9hension du r\u00f4le que joue la g\u00e9n\u00e9tique dans la maladie de Parkinson (MP) au sein des populations [&hellip;]<\/p>\n","protected":false},"author":23,"featured_media":0,"parent":0,"menu_order":0,"comment_status":"closed","ping_status":"closed","template":"","meta":{"_acf_changed":false,"footnotes":"","_links_to":"","_links_to_target":""},"class_list":["post-50040631","page","type-page","status-publish","hentry"],"acf":[],"_links":{"self":[{"href":"https:\/\/gp2.org\/fr\/wp-json\/wp\/v2\/pages\/50040631","targetHints":{"allow":["GET"]}}],"collection":[{"href":"https:\/\/gp2.org\/fr\/wp-json\/wp\/v2\/pages"}],"about":[{"href":"https:\/\/gp2.org\/fr\/wp-json\/wp\/v2\/types\/page"}],"author":[{"embeddable":true,"href":"https:\/\/gp2.org\/fr\/wp-json\/wp\/v2\/users\/23"}],"replies":[{"embeddable":true,"href":"https:\/\/gp2.org\/fr\/wp-json\/wp\/v2\/comments?post=50040631"}],"version-history":[{"count":0,"href":"https:\/\/gp2.org\/fr\/wp-json\/wp\/v2\/pages\/50040631\/revisions"}],"wp:attachment":[{"href":"https:\/\/gp2.org\/fr\/wp-json\/wp\/v2\/media?parent=50040631"}],"curies":[{"name":"wp","href":"https:\/\/api.w.org\/{rel}","templated":true}]}}