{"id":50025728,"date":"2024-09-20T14:14:28","date_gmt":"2024-09-20T18:14:28","guid":{"rendered":"https:\/\/gp2stg.wpenginepowered.com\/formation\/offres-de-formation\/"},"modified":"2025-01-17T14:50:20","modified_gmt":"2025-01-17T19:50:20","slug":"offres-de-formation","status":"publish","type":"page","link":"https:\/\/gp2.org\/fr\/formation\/offres-de-formation\/","title":{"rendered":"Offres de formation"},"content":{"rendered":"","protected":false},"excerpt":{"rendered":"<p>Vous avez une question pour l\u2019un de nos repr\u00e9sentants stagiaires ? Actuellement, nous avons sept repr\u00e9sentants de la formation provenant d\u2019Afrique, d\\&rsquo;Asie, d\\&rsquo;Am\u00e9rique latine et d\u2019Europe. Ces repr\u00e9sentants des stagiaires GP2 sont disponibles pour r\u00e9pondre \u00e0 vos questions sur les opportunit\u00e9s GP2 disponibles pour leur r\u00e9gion du monde. Contactez le repr\u00e9sentant de votre r\u00e9gion pour [&hellip;]<\/p>\n","protected":false},"author":2,"featured_media":50000283,"parent":50025680,"menu_order":0,"comment_status":"closed","ping_status":"closed","template":"page-training-listing.php","meta":{"_acf_changed":false,"footnotes":"","_links_to":"","_links_to_target":""},"class_list":["post-50025728","page","type-page","status-publish","hentry"],"acf":[],"_links":{"self":[{"href":"https:\/\/gp2.org\/fr\/wp-json\/wp\/v2\/pages\/50025728","targetHints":{"allow":["GET"]}}],"collection":[{"href":"https:\/\/gp2.org\/fr\/wp-json\/wp\/v2\/pages"}],"about":[{"href":"https:\/\/gp2.org\/fr\/wp-json\/wp\/v2\/types\/page"}],"author":[{"embeddable":true,"href":"https:\/\/gp2.org\/fr\/wp-json\/wp\/v2\/users\/2"}],"replies":[{"embeddable":true,"href":"https:\/\/gp2.org\/fr\/wp-json\/wp\/v2\/comments?post=50025728"}],"version-history":[{"count":0,"href":"https:\/\/gp2.org\/fr\/wp-json\/wp\/v2\/pages\/50025728\/revisions"}],"up":[{"embeddable":true,"href":"https:\/\/gp2.org\/fr\/wp-json\/wp\/v2\/pages\/50025680"}],"wp:featuredmedia":[{"embeddable":true,"href":"https:\/\/gp2.org\/fr\/wp-json\/wp\/v2\/media\/50000283"}],"wp:attachment":[{"href":"https:\/\/gp2.org\/fr\/wp-json\/wp\/v2\/media?parent=50025728"}],"curies":[{"name":"wp","href":"https:\/\/api.w.org\/{rel}","templated":true}]}}