{"id":50025727,"date":"2024-08-27T16:27:58","date_gmt":"2024-08-27T20:27:58","guid":{"rendered":"https:\/\/gp2stg.wpenginepowered.com\/formation\/plate-forme-dapprentissage-du-gp2\/"},"modified":"2024-08-27T16:27:58","modified_gmt":"2024-08-27T20:27:58","slug":"plate-forme-dapprentissage-du-gp2","status":"publish","type":"page","link":"https:\/\/gp2.org\/fr\/formation\/plate-forme-dapprentissage-du-gp2\/","title":{"rendered":"Plate-forme d&rsquo;apprentissage du GP2"},"content":{"rendered":"","protected":false},"excerpt":{"rendered":"<p>Plateforme d&rsquo;apprentissage GP2 Le programme mondial de g\u00e9n\u00e9tique de la maladie de Parkinson (GP2) utilise Rise, un syst\u00e8me de formation en ligne s\u00e9curis\u00e9 et accessible \u00e0 tous les stagiaires et chercheurs int\u00e9ress\u00e9s par la recherche sur la maladie de Parkinson. Cette plateforme est gratuite et accessible \u00e0 tous dans le monde entier. Elle comprend des [&hellip;]<\/p>\n","protected":false},"author":9,"featured_media":0,"parent":50025680,"menu_order":0,"comment_status":"closed","ping_status":"closed","template":"","meta":{"_acf_changed":false,"footnotes":"","_links_to":"","_links_to_target":""},"class_list":["post-50025727","page","type-page","status-publish","hentry"],"acf":[],"_links":{"self":[{"href":"https:\/\/gp2.org\/fr\/wp-json\/wp\/v2\/pages\/50025727","targetHints":{"allow":["GET"]}}],"collection":[{"href":"https:\/\/gp2.org\/fr\/wp-json\/wp\/v2\/pages"}],"about":[{"href":"https:\/\/gp2.org\/fr\/wp-json\/wp\/v2\/types\/page"}],"author":[{"embeddable":true,"href":"https:\/\/gp2.org\/fr\/wp-json\/wp\/v2\/users\/9"}],"replies":[{"embeddable":true,"href":"https:\/\/gp2.org\/fr\/wp-json\/wp\/v2\/comments?post=50025727"}],"version-history":[{"count":0,"href":"https:\/\/gp2.org\/fr\/wp-json\/wp\/v2\/pages\/50025727\/revisions"}],"up":[{"embeddable":true,"href":"https:\/\/gp2.org\/fr\/wp-json\/wp\/v2\/pages\/50025680"}],"wp:attachment":[{"href":"https:\/\/gp2.org\/fr\/wp-json\/wp\/v2\/media?parent=50025727"}],"curies":[{"name":"wp","href":"https:\/\/api.w.org\/{rel}","templated":true}]}}