{"id":50025692,"date":"2024-08-26T12:03:43","date_gmt":"2024-08-26T16:03:43","guid":{"rendered":"https:\/\/gp2stg.wpenginepowered.com\/communaute-de-chercheurs\/"},"modified":"2025-01-08T12:37:55","modified_gmt":"2025-01-08T17:37:55","slug":"communaute-de-chercheurs","status":"publish","type":"page","link":"https:\/\/gp2.org\/fr\/communaute-de-chercheurs\/","title":{"rendered":"Communaut\u00e9 de chercheurs"},"content":{"rendered":"","protected":false},"excerpt":{"rendered":"<p>La communaut\u00e9 de chercheurs du GP2 Le programme mondial sur la g\u00e9n\u00e9tique de la maladie de Parkinson (GP2) est un produit et une source de collaboration. Les individus et les groupes qui contribuent au GP2 d\u00e9terminent sa strat\u00e9gie, ses op\u00e9rations et, en fin de compte, son impact. Groupes de travail Les groupes de travail sp\u00e9cialis\u00e9s [&hellip;]<\/p>\n","protected":false},"author":10,"featured_media":0,"parent":0,"menu_order":0,"comment_status":"closed","ping_status":"closed","template":"","meta":{"_acf_changed":false,"footnotes":"","_links_to":"","_links_to_target":""},"class_list":["post-50025692","page","type-page","status-publish","hentry"],"acf":[],"_links":{"self":[{"href":"https:\/\/gp2.org\/fr\/wp-json\/wp\/v2\/pages\/50025692","targetHints":{"allow":["GET"]}}],"collection":[{"href":"https:\/\/gp2.org\/fr\/wp-json\/wp\/v2\/pages"}],"about":[{"href":"https:\/\/gp2.org\/fr\/wp-json\/wp\/v2\/types\/page"}],"author":[{"embeddable":true,"href":"https:\/\/gp2.org\/fr\/wp-json\/wp\/v2\/users\/10"}],"replies":[{"embeddable":true,"href":"https:\/\/gp2.org\/fr\/wp-json\/wp\/v2\/comments?post=50025692"}],"version-history":[{"count":0,"href":"https:\/\/gp2.org\/fr\/wp-json\/wp\/v2\/pages\/50025692\/revisions"}],"wp:attachment":[{"href":"https:\/\/gp2.org\/fr\/wp-json\/wp\/v2\/media?parent=50025692"}],"curies":[{"name":"wp","href":"https:\/\/api.w.org\/{rel}","templated":true}]}}