{"id":50025685,"date":"2024-08-22T14:09:27","date_gmt":"2024-08-22T18:09:27","guid":{"rendered":"https:\/\/gp2stg.wpenginepowered.com\/sources-de-donnees\/"},"modified":"2024-08-22T14:09:27","modified_gmt":"2024-08-22T18:09:27","slug":"sources-de-donnees","status":"publish","type":"page","link":"https:\/\/gp2.org\/fr\/sources-de-donnees\/","title":{"rendered":"Sources de donn\u00e9es"},"content":{"rendered":"","protected":false},"excerpt":{"rendered":"<p>Explorez la carte des activit\u00e9s mondiales des ressources de donn\u00e9es de GP2 Dans ce tableau de bord interactif, visualisez les cohortes impliqu\u00e9es au sein du r\u00e9seau GP2, y compris l&#8217;emplacement, les donn\u00e9es, le nombre d&rsquo;\u00e9chantillons pour le g\u00e9notypage et une r\u00e9partition ancestrale des \u00e9chantillons termin\u00e9s partag\u00e9s avec AMP\u00ae PD. Vous pouvez \u00e9galement consulter la carte [&hellip;]<\/p>\n","protected":false},"author":10,"featured_media":50000318,"parent":0,"menu_order":0,"comment_status":"closed","ping_status":"closed","template":"template-section-parent.php","meta":{"_acf_changed":false,"footnotes":"","_links_to":"","_links_to_target":""},"class_list":["post-50025685","page","type-page","status-publish","hentry"],"acf":[],"_links":{"self":[{"href":"https:\/\/gp2.org\/fr\/wp-json\/wp\/v2\/pages\/50025685","targetHints":{"allow":["GET"]}}],"collection":[{"href":"https:\/\/gp2.org\/fr\/wp-json\/wp\/v2\/pages"}],"about":[{"href":"https:\/\/gp2.org\/fr\/wp-json\/wp\/v2\/types\/page"}],"author":[{"embeddable":true,"href":"https:\/\/gp2.org\/fr\/wp-json\/wp\/v2\/users\/10"}],"replies":[{"embeddable":true,"href":"https:\/\/gp2.org\/fr\/wp-json\/wp\/v2\/comments?post=50025685"}],"version-history":[{"count":0,"href":"https:\/\/gp2.org\/fr\/wp-json\/wp\/v2\/pages\/50025685\/revisions"}],"wp:featuredmedia":[{"embeddable":true,"href":"https:\/\/gp2.org\/fr\/wp-json\/wp\/v2\/media\/50000318"}],"wp:attachment":[{"href":"https:\/\/gp2.org\/fr\/wp-json\/wp\/v2\/media?parent=50025685"}],"curies":[{"name":"wp","href":"https:\/\/api.w.org\/{rel}","templated":true}]}}