{"id":50025681,"date":"2024-08-21T15:59:35","date_gmt":"2024-08-21T19:59:35","guid":{"rendered":"https:\/\/gp2stg.wpenginepowered.com\/politique-de-confidentialite\/"},"modified":"2024-08-21T15:59:35","modified_gmt":"2024-08-21T19:59:35","slug":"politique-de-confidentialite","status":"publish","type":"page","link":"https:\/\/gp2.org\/fr\/politique-de-confidentialite\/","title":{"rendered":"Politique de confidentialit\u00e9"},"content":{"rendered":"","protected":false},"excerpt":{"rendered":"<p>Politique de confidentialit\u00e9 Aligning Science Across Parkinson&rsquo;s (ASAP) accorde une grande importance \u00e0 la confidentialit\u00e9 de ses utilisateurs et s&rsquo;engage \u00e0 la prot\u00e9ger. La politique ci-apr\u00e8s explique les pratiques que nous appliquons en mati\u00e8re de donn\u00e9es accessibles en-ligne et les choix qui vous sont propos\u00e9s sur la fa\u00e7on dont vos donn\u00e9es personnelles sont recueillies et [&hellip;]<\/p>\n","protected":false},"author":8,"featured_media":0,"parent":0,"menu_order":0,"comment_status":"closed","ping_status":"closed","template":"","meta":{"_acf_changed":false,"footnotes":"","_links_to":"","_links_to_target":""},"class_list":["post-50025681","page","type-page","status-publish","hentry"],"acf":[],"_links":{"self":[{"href":"https:\/\/gp2.org\/fr\/wp-json\/wp\/v2\/pages\/50025681","targetHints":{"allow":["GET"]}}],"collection":[{"href":"https:\/\/gp2.org\/fr\/wp-json\/wp\/v2\/pages"}],"about":[{"href":"https:\/\/gp2.org\/fr\/wp-json\/wp\/v2\/types\/page"}],"author":[{"embeddable":true,"href":"https:\/\/gp2.org\/fr\/wp-json\/wp\/v2\/users\/8"}],"replies":[{"embeddable":true,"href":"https:\/\/gp2.org\/fr\/wp-json\/wp\/v2\/comments?post=50025681"}],"version-history":[{"count":0,"href":"https:\/\/gp2.org\/fr\/wp-json\/wp\/v2\/pages\/50025681\/revisions"}],"wp:attachment":[{"href":"https:\/\/gp2.org\/fr\/wp-json\/wp\/v2\/media?parent=50025681"}],"curies":[{"name":"wp","href":"https:\/\/api.w.org\/{rel}","templated":true}]}}