{"id":50025678,"date":"2024-09-20T14:17:54","date_gmt":"2024-09-20T18:17:54","guid":{"rendered":"https:\/\/gp2stg.wpenginepowered.com\/opportunites-de-carriere\/"},"modified":"2025-01-13T17:09:13","modified_gmt":"2025-01-13T22:09:13","slug":"opportunites-de-carriere","status":"publish","type":"page","link":"https:\/\/gp2.org\/fr\/opportunites-de-carriere\/","title":{"rendered":"Opportunit\u00e9s de carri\u00e8re"},"content":{"rendered":"","protected":false},"excerpt":{"rendered":"<p>Types d\\&rsquo;opportunit\u00e9s Emploi GP2 GP2 offre des opportunit\u00e9s nouvelles, passionnantes et diversifi\u00e9es pour tous les niveaux de carri\u00e8re \u00e0 travers le monde.\u00a0 Opportunit\u00e9s pour les partenaires Le GP2 s\\&rsquo;engage \u00e0 collaborer avec les organisations et institutions partenaires et \u00e0 les aider \u00e0 trouver les meilleurs candidats pour les offres d\\&#8217;emploi dans toutes les r\u00e9gions du [&hellip;]<\/p>\n","protected":false},"author":2,"featured_media":50000255,"parent":0,"menu_order":0,"comment_status":"closed","ping_status":"closed","template":"page-job-listing.php","meta":{"_acf_changed":false,"footnotes":"","_links_to":"","_links_to_target":""},"class_list":["post-50025678","page","type-page","status-publish","hentry"],"acf":[],"_links":{"self":[{"href":"https:\/\/gp2.org\/fr\/wp-json\/wp\/v2\/pages\/50025678","targetHints":{"allow":["GET"]}}],"collection":[{"href":"https:\/\/gp2.org\/fr\/wp-json\/wp\/v2\/pages"}],"about":[{"href":"https:\/\/gp2.org\/fr\/wp-json\/wp\/v2\/types\/page"}],"author":[{"embeddable":true,"href":"https:\/\/gp2.org\/fr\/wp-json\/wp\/v2\/users\/2"}],"replies":[{"embeddable":true,"href":"https:\/\/gp2.org\/fr\/wp-json\/wp\/v2\/comments?post=50025678"}],"version-history":[{"count":0,"href":"https:\/\/gp2.org\/fr\/wp-json\/wp\/v2\/pages\/50025678\/revisions"}],"wp:featuredmedia":[{"embeddable":true,"href":"https:\/\/gp2.org\/fr\/wp-json\/wp\/v2\/media\/50000255"}],"wp:attachment":[{"href":"https:\/\/gp2.org\/fr\/wp-json\/wp\/v2\/media?parent=50025678"}],"curies":[{"name":"wp","href":"https:\/\/api.w.org\/{rel}","templated":true}]}}