{"id":50025676,"date":"2024-10-24T12:50:41","date_gmt":"2024-10-24T16:50:41","guid":{"rendered":"https:\/\/gp2stg.wpenginepowered.com\/carte-interactive\/"},"modified":"2025-01-13T17:19:23","modified_gmt":"2025-01-13T22:19:23","slug":"carte-interactive","status":"publish","type":"page","link":"https:\/\/gp2.org\/fr\/sources-de-donnees\/carte-interactive\/","title":{"rendered":"Carte interactive"},"content":{"rendered":"","protected":false},"excerpt":{"rendered":"<p>Soumettre une cohorte Si vous souhaitez collaborer avec l\u2019\u00e9quipe du GP2, veuillez nous contacter pour soumettre une cohorte ou obtenir de plus amples renseignements sur la proc\u00e9dure \u00e0 suivre pour devenir membre. Demande de jeu de donn\u00e9es AMP\u00ae PD Une fois que le GP2 a termin\u00e9 le g\u00e9notypage d\u2019une cohorte, l\u2019int\u00e9gralit\u00e9 des donn\u00e9es est partag\u00e9e [&hellip;]<\/p>\n","protected":false},"author":13,"featured_media":0,"parent":50025685,"menu_order":0,"comment_status":"closed","ping_status":"closed","template":"page-interactive-map.php","meta":{"_acf_changed":false,"footnotes":"","_links_to":"","_links_to_target":""},"class_list":["post-50025676","page","type-page","status-publish","hentry"],"acf":[],"_links":{"self":[{"href":"https:\/\/gp2.org\/fr\/wp-json\/wp\/v2\/pages\/50025676","targetHints":{"allow":["GET"]}}],"collection":[{"href":"https:\/\/gp2.org\/fr\/wp-json\/wp\/v2\/pages"}],"about":[{"href":"https:\/\/gp2.org\/fr\/wp-json\/wp\/v2\/types\/page"}],"author":[{"embeddable":true,"href":"https:\/\/gp2.org\/fr\/wp-json\/wp\/v2\/users\/13"}],"replies":[{"embeddable":true,"href":"https:\/\/gp2.org\/fr\/wp-json\/wp\/v2\/comments?post=50025676"}],"version-history":[{"count":0,"href":"https:\/\/gp2.org\/fr\/wp-json\/wp\/v2\/pages\/50025676\/revisions"}],"up":[{"embeddable":true,"href":"https:\/\/gp2.org\/fr\/wp-json\/wp\/v2\/pages\/50025685"}],"wp:attachment":[{"href":"https:\/\/gp2.org\/fr\/wp-json\/wp\/v2\/media?parent=50025676"}],"curies":[{"name":"wp","href":"https:\/\/api.w.org\/{rel}","templated":true}]}}