{"id":50025627,"date":"2024-08-20T15:44:04","date_gmt":"2024-08-20T19:44:04","guid":{"rendered":"https:\/\/gp2stg.wpenginepowered.com\/politiques\/"},"modified":"2025-01-08T12:28:53","modified_gmt":"2025-01-08T17:28:53","slug":"politiques","status":"publish","type":"page","link":"https:\/\/gp2.org\/fr\/politiques\/","title":{"rendered":"Politiques"},"content":{"rendered":"","protected":false},"excerpt":{"rendered":"<p>Politiques Le programme mondial de g\u00e9n\u00e9tique de la maladie de Parkinson (GP2) est un projet d\u00e9velopp\u00e9 pour soutenir des collaborations multidisciplinaires significatives afin de relever les d\u00e9fis scientifiques de la maladie de Parkinson (MP). Nous nous effor\u00e7ons de d\u00e9velopper r\u00e9guli\u00e8rement des ressources destin\u00e9es \u00e0 fournir des conseils et des informations utiles aux scientifiques et aux [&hellip;]<\/p>\n","protected":false},"author":5,"featured_media":0,"parent":0,"menu_order":0,"comment_status":"closed","ping_status":"closed","template":"","meta":{"_acf_changed":false,"footnotes":"","_links_to":"","_links_to_target":""},"class_list":["post-50025627","page","type-page","status-publish","hentry"],"acf":[],"_links":{"self":[{"href":"https:\/\/gp2.org\/fr\/wp-json\/wp\/v2\/pages\/50025627","targetHints":{"allow":["GET"]}}],"collection":[{"href":"https:\/\/gp2.org\/fr\/wp-json\/wp\/v2\/pages"}],"about":[{"href":"https:\/\/gp2.org\/fr\/wp-json\/wp\/v2\/types\/page"}],"author":[{"embeddable":true,"href":"https:\/\/gp2.org\/fr\/wp-json\/wp\/v2\/users\/5"}],"replies":[{"embeddable":true,"href":"https:\/\/gp2.org\/fr\/wp-json\/wp\/v2\/comments?post=50025627"}],"version-history":[{"count":0,"href":"https:\/\/gp2.org\/fr\/wp-json\/wp\/v2\/pages\/50025627\/revisions"}],"wp:attachment":[{"href":"https:\/\/gp2.org\/fr\/wp-json\/wp\/v2\/media?parent=50025627"}],"curies":[{"name":"wp","href":"https:\/\/api.w.org\/{rel}","templated":true}]}}