{"id":50025626,"date":"2024-08-21T14:03:19","date_gmt":"2024-08-21T18:03:19","guid":{"rendered":"https:\/\/gp2stg.wpenginepowered.com\/code-de-conduite\/"},"modified":"2025-04-28T11:14:44","modified_gmt":"2025-04-28T15:14:44","slug":"code-de-conduite","status":"publish","type":"page","link":"https:\/\/gp2.org\/fr\/politiques\/code-de-conduite\/","title":{"rendered":"Code de conduite"},"content":{"rendered":"","protected":false},"excerpt":{"rendered":"<p>Code de conduite du Programme mondial de g\u00e9n\u00e9tique de la maladie de Parkinson &#8211; Version mars 2025 &#8211; Un \u00e9l\u00e9ment essentiel du Programme mondial de g\u00e9n\u00e9tique de la maladie de Parkinson (GP2) est la cr\u00e9ation d&rsquo;une communaut\u00e9 mondiale de chercheurs r\u00e9solument d\u00e9cid\u00e9s \u00e0 faire avancer la recherche sur la maladie de Parkinson. Pour y parvenir, [&hellip;]<\/p>\n","protected":false},"author":8,"featured_media":0,"parent":50025627,"menu_order":0,"comment_status":"closed","ping_status":"closed","template":"","meta":{"_acf_changed":false,"footnotes":"","_links_to":"","_links_to_target":""},"class_list":["post-50025626","page","type-page","status-publish","hentry"],"acf":[],"_links":{"self":[{"href":"https:\/\/gp2.org\/fr\/wp-json\/wp\/v2\/pages\/50025626","targetHints":{"allow":["GET"]}}],"collection":[{"href":"https:\/\/gp2.org\/fr\/wp-json\/wp\/v2\/pages"}],"about":[{"href":"https:\/\/gp2.org\/fr\/wp-json\/wp\/v2\/types\/page"}],"author":[{"embeddable":true,"href":"https:\/\/gp2.org\/fr\/wp-json\/wp\/v2\/users\/8"}],"replies":[{"embeddable":true,"href":"https:\/\/gp2.org\/fr\/wp-json\/wp\/v2\/comments?post=50025626"}],"version-history":[{"count":0,"href":"https:\/\/gp2.org\/fr\/wp-json\/wp\/v2\/pages\/50025626\/revisions"}],"up":[{"embeddable":true,"href":"https:\/\/gp2.org\/fr\/wp-json\/wp\/v2\/pages\/50025627"}],"wp:attachment":[{"href":"https:\/\/gp2.org\/fr\/wp-json\/wp\/v2\/media?parent=50025626"}],"curies":[{"name":"wp","href":"https:\/\/api.w.org\/{rel}","templated":true}]}}