{"id":50025625,"date":"2024-08-21T15:19:37","date_gmt":"2024-08-21T19:19:37","guid":{"rendered":"https:\/\/gp2stg.wpenginepowered.com\/politique-du-gp2-en-matiere-de-code\/"},"modified":"2024-11-13T16:48:14","modified_gmt":"2024-11-13T21:48:14","slug":"politique-du-gp2-en-matiere-de-code","status":"publish","type":"page","link":"https:\/\/gp2.org\/fr\/politiques\/politique-du-gp2-en-matiere-de-code\/","title":{"rendered":"Politique du GP2 en mati\u00e8re de code"},"content":{"rendered":"","protected":false},"excerpt":{"rendered":"<p>Politique de normalisation du code GP2 du programme mondial de g\u00e9n\u00e9tique de la maladie de Parkinson R\u00e9sum\u00e9 Dans l&rsquo;ensemble, le programme mondial de g\u00e9n\u00e9tique de la maladie de Parkinson (GP2) vise \u00e0 avoir une politique \u00ab sans surprises \u00bb o\u00f9 les analyses, les projets et les manuscrits sont coordonn\u00e9s et communiqu\u00e9s de mani\u00e8re ouverte et [&hellip;]<\/p>\n","protected":false},"author":8,"featured_media":0,"parent":50025627,"menu_order":0,"comment_status":"closed","ping_status":"closed","template":"","meta":{"_acf_changed":false,"footnotes":"","_links_to":"","_links_to_target":""},"class_list":["post-50025625","page","type-page","status-publish","hentry"],"acf":[],"_links":{"self":[{"href":"https:\/\/gp2.org\/fr\/wp-json\/wp\/v2\/pages\/50025625","targetHints":{"allow":["GET"]}}],"collection":[{"href":"https:\/\/gp2.org\/fr\/wp-json\/wp\/v2\/pages"}],"about":[{"href":"https:\/\/gp2.org\/fr\/wp-json\/wp\/v2\/types\/page"}],"author":[{"embeddable":true,"href":"https:\/\/gp2.org\/fr\/wp-json\/wp\/v2\/users\/8"}],"replies":[{"embeddable":true,"href":"https:\/\/gp2.org\/fr\/wp-json\/wp\/v2\/comments?post=50025625"}],"version-history":[{"count":0,"href":"https:\/\/gp2.org\/fr\/wp-json\/wp\/v2\/pages\/50025625\/revisions"}],"up":[{"embeddable":true,"href":"https:\/\/gp2.org\/fr\/wp-json\/wp\/v2\/pages\/50025627"}],"wp:attachment":[{"href":"https:\/\/gp2.org\/fr\/wp-json\/wp\/v2\/media?parent=50025625"}],"curies":[{"name":"wp","href":"https:\/\/api.w.org\/{rel}","templated":true}]}}