{"id":50025624,"date":"2024-08-21T15:56:24","date_gmt":"2024-08-21T19:56:24","guid":{"rendered":"https:\/\/gp2stg.wpenginepowered.com\/politique-relative-a-la-propriete-intellectuelle-du-gp2\/"},"modified":"2025-04-22T18:28:00","modified_gmt":"2025-04-22T22:28:00","slug":"politique-relative-a-la-propriete-intellectuelle-du-gp2","status":"publish","type":"page","link":"https:\/\/gp2.org\/fr\/politiques\/politique-relative-a-la-propriete-intellectuelle-du-gp2\/","title":{"rendered":"Politique relative \u00e0 la propri\u00e9t\u00e9 intellectuelle du GP2"},"content":{"rendered":"","protected":false},"excerpt":{"rendered":"<p>Politique relative \u00e0 la propri\u00e9t\u00e9 intellectuelle du Programme mondial sur la g\u00e9n\u00e9tique de la maladie de Parkinson &#8211; version f\u00e9vrier 2025 &#8211; Afin de soutenir les objectifs strat\u00e9giques de l\u2019ASAP (Aligning Science Across Parkinson\u2019s) visant \u00e0 encourager la collaboration, la cr\u00e9ation de ressources et la d\u00e9mocratisation de l\u2019acc\u00e8s aux donn\u00e9es, le Programme mondial sur la [&hellip;]<\/p>\n","protected":false},"author":8,"featured_media":0,"parent":50025627,"menu_order":0,"comment_status":"closed","ping_status":"closed","template":"","meta":{"_acf_changed":false,"footnotes":"","_links_to":"","_links_to_target":""},"class_list":["post-50025624","page","type-page","status-publish","hentry"],"acf":[],"_links":{"self":[{"href":"https:\/\/gp2.org\/fr\/wp-json\/wp\/v2\/pages\/50025624","targetHints":{"allow":["GET"]}}],"collection":[{"href":"https:\/\/gp2.org\/fr\/wp-json\/wp\/v2\/pages"}],"about":[{"href":"https:\/\/gp2.org\/fr\/wp-json\/wp\/v2\/types\/page"}],"author":[{"embeddable":true,"href":"https:\/\/gp2.org\/fr\/wp-json\/wp\/v2\/users\/8"}],"replies":[{"embeddable":true,"href":"https:\/\/gp2.org\/fr\/wp-json\/wp\/v2\/comments?post=50025624"}],"version-history":[{"count":0,"href":"https:\/\/gp2.org\/fr\/wp-json\/wp\/v2\/pages\/50025624\/revisions"}],"up":[{"embeddable":true,"href":"https:\/\/gp2.org\/fr\/wp-json\/wp\/v2\/pages\/50025627"}],"wp:attachment":[{"href":"https:\/\/gp2.org\/fr\/wp-json\/wp\/v2\/media?parent=50025624"}],"curies":[{"name":"wp","href":"https:\/\/api.w.org\/{rel}","templated":true}]}}