{"id":50025623,"date":"2024-08-22T10:48:46","date_gmt":"2024-08-22T14:48:46","guid":{"rendered":"https:\/\/gp2stg.wpenginepowered.com\/politique-en-matiere-de-publication\/"},"modified":"2026-04-15T12:26:03","modified_gmt":"2026-04-15T16:26:03","slug":"politique-en-matiere-de-publication","status":"publish","type":"page","link":"https:\/\/gp2.org\/fr\/politiques\/politique-en-matiere-de-publication\/","title":{"rendered":"Politique en mati\u00e8re de publication"},"content":{"rendered":"","protected":false},"excerpt":{"rendered":"<p>Politique de publication Version juin 2023 Dans l&rsquo;ensemble, le Programme mondial de g\u00e9n\u00e9tique de la maladie de Parkinson (GP2) vise \u00e0 avoir une politique \u00ab sans surprises \u00bb o\u00f9 les analyses, les projets et les manuscrits sont coordonn\u00e9s et communiqu\u00e9s de mani\u00e8re ouverte et transparente. Le GP2 souhaite que les donn\u00e9es soient utilis\u00e9es aussi largement [&hellip;]<\/p>\n","protected":false},"author":9,"featured_media":0,"parent":50025627,"menu_order":0,"comment_status":"closed","ping_status":"closed","template":"","meta":{"_acf_changed":false,"footnotes":"","_links_to":"","_links_to_target":""},"class_list":["post-50025623","page","type-page","status-publish","hentry"],"acf":[],"_links":{"self":[{"href":"https:\/\/gp2.org\/fr\/wp-json\/wp\/v2\/pages\/50025623","targetHints":{"allow":["GET"]}}],"collection":[{"href":"https:\/\/gp2.org\/fr\/wp-json\/wp\/v2\/pages"}],"about":[{"href":"https:\/\/gp2.org\/fr\/wp-json\/wp\/v2\/types\/page"}],"author":[{"embeddable":true,"href":"https:\/\/gp2.org\/fr\/wp-json\/wp\/v2\/users\/9"}],"replies":[{"embeddable":true,"href":"https:\/\/gp2.org\/fr\/wp-json\/wp\/v2\/comments?post=50025623"}],"version-history":[{"count":0,"href":"https:\/\/gp2.org\/fr\/wp-json\/wp\/v2\/pages\/50025623\/revisions"}],"up":[{"embeddable":true,"href":"https:\/\/gp2.org\/fr\/wp-json\/wp\/v2\/pages\/50025627"}],"wp:attachment":[{"href":"https:\/\/gp2.org\/fr\/wp-json\/wp\/v2\/media?parent=50025623"}],"curies":[{"name":"wp","href":"https:\/\/api.w.org\/{rel}","templated":true}]}}