{"id":50025622,"date":"2024-10-21T12:32:01","date_gmt":"2024-10-21T16:32:01","guid":{"rendered":"https:\/\/gp2stg.wpenginepowered.com\/organisations\/"},"modified":"2024-11-13T16:49:38","modified_gmt":"2024-11-13T21:49:38","slug":"organisations","status":"publish","type":"page","link":"https:\/\/gp2.org\/fr\/communaute-de-chercheurs\/organisations\/","title":{"rendered":"Organisations"},"content":{"rendered":"","protected":false},"excerpt":{"rendered":"<p>Vous souhaitez collaborer avec le GP2 ? Si vous \u00eates int\u00e9ress\u00e9 \u00e0 collaborer avec GP2 ou \u00e0 soumettre une cohorte, veuillez nous contacter et nous vous contacterons pour en savoir plus. En savoir plus sur ce travail D\u00e9couvrez des cohortes du monde entier Vous pouvez consulter les cohortes collaborant avec GP2, ainsi que nos progr\u00e8s [&hellip;]<\/p>\n","protected":false},"author":5,"featured_media":50011985,"parent":50025692,"menu_order":0,"comment_status":"closed","ping_status":"closed","template":"page-partners-listing.php","meta":{"_acf_changed":false,"footnotes":"","_links_to":"","_links_to_target":""},"class_list":["post-50025622","page","type-page","status-publish","hentry"],"acf":[],"_links":{"self":[{"href":"https:\/\/gp2.org\/fr\/wp-json\/wp\/v2\/pages\/50025622","targetHints":{"allow":["GET"]}}],"collection":[{"href":"https:\/\/gp2.org\/fr\/wp-json\/wp\/v2\/pages"}],"about":[{"href":"https:\/\/gp2.org\/fr\/wp-json\/wp\/v2\/types\/page"}],"author":[{"embeddable":true,"href":"https:\/\/gp2.org\/fr\/wp-json\/wp\/v2\/users\/5"}],"replies":[{"embeddable":true,"href":"https:\/\/gp2.org\/fr\/wp-json\/wp\/v2\/comments?post=50025622"}],"version-history":[{"count":0,"href":"https:\/\/gp2.org\/fr\/wp-json\/wp\/v2\/pages\/50025622\/revisions"}],"up":[{"embeddable":true,"href":"https:\/\/gp2.org\/fr\/wp-json\/wp\/v2\/pages\/50025692"}],"wp:featuredmedia":[{"embeddable":true,"href":"https:\/\/gp2.org\/fr\/wp-json\/wp\/v2\/media\/50011985"}],"wp:attachment":[{"href":"https:\/\/gp2.org\/fr\/wp-json\/wp\/v2\/media?parent=50025622"}],"curies":[{"name":"wp","href":"https:\/\/api.w.org\/{rel}","templated":true}]}}