{"id":50025620,"date":"2024-08-21T16:53:28","date_gmt":"2024-08-21T20:53:28","guid":{"rendered":"https:\/\/gp2stg.wpenginepowered.com\/a-propos\/"},"modified":"2024-11-13T16:48:06","modified_gmt":"2024-11-13T21:48:06","slug":"a-propos","status":"publish","type":"page","link":"https:\/\/gp2.org\/fr\/a-propos\/","title":{"rendered":"A propos"},"content":{"rendered":"","protected":false},"excerpt":{"rendered":"<p>A propos de GP2 Le Global Parkinson&rsquo;s Genetics Program (GP2) est un programme de ressources pour l&rsquo;initiative Aligning Science Across Parkinson&rsquo;s (ASAP) qui vise \u00e0 am\u00e9liorer la compr\u00e9hension de l&rsquo;architecture g\u00e9nique de la maladie de Parkinson (MP) et \u00e0 rendre ces connaissances pertinentes et accessibles \u00e0 l&rsquo;\u00e9chelle mondiale.\u00a0 Le GP2 est compos\u00e9 de groupes de [&hellip;]<\/p>\n","protected":false},"author":9,"featured_media":0,"parent":0,"menu_order":0,"comment_status":"closed","ping_status":"closed","template":"","meta":{"_acf_changed":false,"footnotes":"","_links_to":"","_links_to_target":""},"class_list":["post-50025620","page","type-page","status-publish","hentry"],"acf":[],"_links":{"self":[{"href":"https:\/\/gp2.org\/fr\/wp-json\/wp\/v2\/pages\/50025620","targetHints":{"allow":["GET"]}}],"collection":[{"href":"https:\/\/gp2.org\/fr\/wp-json\/wp\/v2\/pages"}],"about":[{"href":"https:\/\/gp2.org\/fr\/wp-json\/wp\/v2\/types\/page"}],"author":[{"embeddable":true,"href":"https:\/\/gp2.org\/fr\/wp-json\/wp\/v2\/users\/9"}],"replies":[{"embeddable":true,"href":"https:\/\/gp2.org\/fr\/wp-json\/wp\/v2\/comments?post=50025620"}],"version-history":[{"count":0,"href":"https:\/\/gp2.org\/fr\/wp-json\/wp\/v2\/pages\/50025620\/revisions"}],"wp:attachment":[{"href":"https:\/\/gp2.org\/fr\/wp-json\/wp\/v2\/media?parent=50025620"}],"curies":[{"name":"wp","href":"https:\/\/api.w.org\/{rel}","templated":true}]}}