{"id":50025005,"date":"2024-08-27T14:36:36","date_gmt":"2024-08-27T18:36:36","guid":{"rendered":"https:\/\/gp2stg.wpenginepowered.com\/politique-de-libre-acces\/"},"modified":"2024-11-18T16:44:48","modified_gmt":"2024-11-18T21:44:48","slug":"politique-de-libre-acces","status":"publish","type":"page","link":"https:\/\/gp2.org\/fr\/politique-de-libre-acces\/","title":{"rendered":"Politique de libre acc\u00e8s"},"content":{"rendered":"","protected":false},"excerpt":{"rendered":"<p>Politique de libre acc\u00e8s Principe directeur de la politique d\\&rsquo;acc\u00e8s libre de l\\&rsquo;ASAP L\\&rsquo;acc\u00e8s libre d\u00e9signe un ensemble de mesures permettant la diffusion en ligne des r\u00e9sultats de la recherche, sans frais ni autres obstacles \u00e0 l\\&rsquo;acc\u00e8s. La mission de l\\&rsquo;ASAP est de concevoir un avenir o\u00f9 la collaboration constructive, les ressources adapt\u00e9es aux ambitions [&hellip;]<\/p>\n","protected":false},"author":9,"featured_media":0,"parent":0,"menu_order":0,"comment_status":"closed","ping_status":"closed","template":"","meta":{"_acf_changed":false,"footnotes":"","_links_to":"","_links_to_target":""},"class_list":["post-50025005","page","type-page","status-publish","hentry"],"acf":[],"_links":{"self":[{"href":"https:\/\/gp2.org\/fr\/wp-json\/wp\/v2\/pages\/50025005","targetHints":{"allow":["GET"]}}],"collection":[{"href":"https:\/\/gp2.org\/fr\/wp-json\/wp\/v2\/pages"}],"about":[{"href":"https:\/\/gp2.org\/fr\/wp-json\/wp\/v2\/types\/page"}],"author":[{"embeddable":true,"href":"https:\/\/gp2.org\/fr\/wp-json\/wp\/v2\/users\/9"}],"replies":[{"embeddable":true,"href":"https:\/\/gp2.org\/fr\/wp-json\/wp\/v2\/comments?post=50025005"}],"version-history":[{"count":0,"href":"https:\/\/gp2.org\/fr\/wp-json\/wp\/v2\/pages\/50025005\/revisions"}],"wp:attachment":[{"href":"https:\/\/gp2.org\/fr\/wp-json\/wp\/v2\/media?parent=50025005"}],"curies":[{"name":"wp","href":"https:\/\/api.w.org\/{rel}","templated":true}]}}