{"id":50040630,"date":"2026-04-02T12:44:13","date_gmt":"2026-04-02T16:44:13","guid":{"rendered":"https:\/\/gp2stg.wpenginepowered.com\/?page_id=50040630"},"modified":"2026-04-02T12:44:17","modified_gmt":"2026-04-02T16:44:17","slug":"capacitacion-2","status":"publish","type":"page","link":"https:\/\/gp2.org\/es\/capacitacion-2\/","title":{"rendered":"Capacitaci\u00f3n"},"content":{"rendered":"","protected":false},"excerpt":{"rendered":"<p>Capacitaci\u00f3n En GP2, estamos comprometidos a crear una comunidad de investigaci\u00f3n global con las herramientas y la infraestructura para abordar las necesidades y preguntas de investigaci\u00f3n emergentes. El GP2 no solo se propone mejorar la comprensi\u00f3n del papel que desempe\u00f1a la gen\u00e9tica en la enfermedad de Parkinson (EP) en todas las poblaciones del mundo, sino [&hellip;]<\/p>\n","protected":false},"author":23,"featured_media":0,"parent":0,"menu_order":0,"comment_status":"closed","ping_status":"closed","template":"","meta":{"_acf_changed":false,"footnotes":"","_links_to":"","_links_to_target":""},"class_list":["post-50040630","page","type-page","status-publish","hentry"],"acf":[],"_links":{"self":[{"href":"https:\/\/gp2.org\/es\/wp-json\/wp\/v2\/pages\/50040630","targetHints":{"allow":["GET"]}}],"collection":[{"href":"https:\/\/gp2.org\/es\/wp-json\/wp\/v2\/pages"}],"about":[{"href":"https:\/\/gp2.org\/es\/wp-json\/wp\/v2\/types\/page"}],"author":[{"embeddable":true,"href":"https:\/\/gp2.org\/es\/wp-json\/wp\/v2\/users\/23"}],"replies":[{"embeddable":true,"href":"https:\/\/gp2.org\/es\/wp-json\/wp\/v2\/comments?post=50040630"}],"version-history":[{"count":0,"href":"https:\/\/gp2.org\/es\/wp-json\/wp\/v2\/pages\/50040630\/revisions"}],"wp:attachment":[{"href":"https:\/\/gp2.org\/es\/wp-json\/wp\/v2\/media?parent=50040630"}],"curies":[{"name":"wp","href":"https:\/\/api.w.org\/{rel}","templated":true}]}}