{"id":50025553,"date":"2024-09-20T14:14:28","date_gmt":"2024-09-20T18:14:28","guid":{"rendered":"https:\/\/gp2stg.wpenginepowered.com\/oportunidades-de-estudios\/"},"modified":"2025-01-17T14:52:31","modified_gmt":"2025-01-17T19:52:31","slug":"oportunidades-de-estudios","status":"publish","type":"page","link":"https:\/\/gp2.org\/es\/capacitacion\/oportunidades-de-estudios\/","title":{"rendered":"Oportunidades de estudios"},"content":{"rendered":"","protected":false},"excerpt":{"rendered":"<p>\u00bfTiene alguna pregunta para uno de nuestros representantes en formaci\u00f3n? Actualmente, tenemos siete representantes de capacitaci\u00f3n de regiones en \u00c1frica, Am\u00e9rica Latina, Asia y Europa. Estos representantes de aprendices de GP2 est\u00e1n disponibles para responder preguntas sobre las oportunidades de GP2 disponibles para su regi\u00f3n del mundo. P\u00f3ngase en contacto con el representante de su [&hellip;]<\/p>\n","protected":false},"author":2,"featured_media":50000286,"parent":50025557,"menu_order":0,"comment_status":"closed","ping_status":"closed","template":"page-training-listing.php","meta":{"_acf_changed":false,"footnotes":"","_links_to":"","_links_to_target":""},"class_list":["post-50025553","page","type-page","status-publish","hentry"],"acf":[],"_links":{"self":[{"href":"https:\/\/gp2.org\/es\/wp-json\/wp\/v2\/pages\/50025553","targetHints":{"allow":["GET"]}}],"collection":[{"href":"https:\/\/gp2.org\/es\/wp-json\/wp\/v2\/pages"}],"about":[{"href":"https:\/\/gp2.org\/es\/wp-json\/wp\/v2\/types\/page"}],"author":[{"embeddable":true,"href":"https:\/\/gp2.org\/es\/wp-json\/wp\/v2\/users\/2"}],"replies":[{"embeddable":true,"href":"https:\/\/gp2.org\/es\/wp-json\/wp\/v2\/comments?post=50025553"}],"version-history":[{"count":0,"href":"https:\/\/gp2.org\/es\/wp-json\/wp\/v2\/pages\/50025553\/revisions"}],"up":[{"embeddable":true,"href":"https:\/\/gp2.org\/es\/wp-json\/wp\/v2\/pages\/50025557"}],"wp:featuredmedia":[{"embeddable":true,"href":"https:\/\/gp2.org\/es\/wp-json\/wp\/v2\/media\/50000286"}],"wp:attachment":[{"href":"https:\/\/gp2.org\/es\/wp-json\/wp\/v2\/media?parent=50025553"}],"curies":[{"name":"wp","href":"https:\/\/api.w.org\/{rel}","templated":true}]}}