{"id":50025549,"date":"2024-10-24T12:50:41","date_gmt":"2024-10-24T16:50:41","guid":{"rendered":"https:\/\/gp2stg.wpenginepowered.com\/mapa-interactivo\/"},"modified":"2025-01-13T17:21:18","modified_gmt":"2025-01-13T22:21:18","slug":"mapa-interactivo","status":"publish","type":"page","link":"https:\/\/gp2.org\/es\/recursos-de-datos\/mapa-interactivo\/","title":{"rendered":"Mapa interactivo"},"content":{"rendered":"","protected":false},"excerpt":{"rendered":"<p>Aportar una cohorte Si desea colaborar con el GP2, p\u00f3ngase en contacto con nosotros para aportar una cohorte o inf\u00f3rmese sobre c\u00f3mo hacerse miembro. Solicitar conjunto de datos AMP\u00ae PD Una vez que el GP2 completa el genotipado de una cohorte, todos los datos se comparten en la plataforma segura AMP\u00ae\u00a0PD. Reg\u00edstrese para solicitar acceso [&hellip;]<\/p>\n","protected":false},"author":13,"featured_media":0,"parent":50025758,"menu_order":0,"comment_status":"closed","ping_status":"closed","template":"page-interactive-map.php","meta":{"_acf_changed":false,"footnotes":"","_links_to":"","_links_to_target":""},"class_list":["post-50025549","page","type-page","status-publish","hentry"],"acf":[],"_links":{"self":[{"href":"https:\/\/gp2.org\/es\/wp-json\/wp\/v2\/pages\/50025549","targetHints":{"allow":["GET"]}}],"collection":[{"href":"https:\/\/gp2.org\/es\/wp-json\/wp\/v2\/pages"}],"about":[{"href":"https:\/\/gp2.org\/es\/wp-json\/wp\/v2\/types\/page"}],"author":[{"embeddable":true,"href":"https:\/\/gp2.org\/es\/wp-json\/wp\/v2\/users\/13"}],"replies":[{"embeddable":true,"href":"https:\/\/gp2.org\/es\/wp-json\/wp\/v2\/comments?post=50025549"}],"version-history":[{"count":0,"href":"https:\/\/gp2.org\/es\/wp-json\/wp\/v2\/pages\/50025549\/revisions"}],"up":[{"embeddable":true,"href":"https:\/\/gp2.org\/es\/wp-json\/wp\/v2\/pages\/50025758"}],"wp:attachment":[{"href":"https:\/\/gp2.org\/es\/wp-json\/wp\/v2\/media?parent=50025549"}],"curies":[{"name":"wp","href":"https:\/\/api.w.org\/{rel}","templated":true}]}}