{"id":50025547,"date":"2024-08-20T15:44:04","date_gmt":"2024-08-20T19:44:04","guid":{"rendered":"https:\/\/gp2stg.wpenginepowered.com\/politicas\/"},"modified":"2025-01-08T12:31:34","modified_gmt":"2025-01-08T17:31:34","slug":"politicas","status":"publish","type":"page","link":"https:\/\/gp2.org\/es\/politicas\/","title":{"rendered":"Pol\u00edticas"},"content":{"rendered":"","protected":false},"excerpt":{"rendered":"<p>Pol\u00edticas El Programa Global de Gen\u00e9tica de Parkinson (GP2) es un proyecto desarrollado para apoyar colaboraciones multidisciplinarias significativas para abordar los desaf\u00edos cient\u00edficos de la enfermedad de Parkinson (EP). Constantemente generamos recursos que brindan orientaci\u00f3n e informaci\u00f3n \u00fatil para cient\u00edficos e investigadores de todo el mundo. Pol\u00edticas C\u00f3digo de conducta Una de las motivaciones principales [&hellip;]<\/p>\n","protected":false},"author":5,"featured_media":0,"parent":0,"menu_order":0,"comment_status":"closed","ping_status":"closed","template":"","meta":{"_acf_changed":false,"footnotes":"","_links_to":"","_links_to_target":""},"class_list":["post-50025547","page","type-page","status-publish","hentry"],"acf":[],"_links":{"self":[{"href":"https:\/\/gp2.org\/es\/wp-json\/wp\/v2\/pages\/50025547","targetHints":{"allow":["GET"]}}],"collection":[{"href":"https:\/\/gp2.org\/es\/wp-json\/wp\/v2\/pages"}],"about":[{"href":"https:\/\/gp2.org\/es\/wp-json\/wp\/v2\/types\/page"}],"author":[{"embeddable":true,"href":"https:\/\/gp2.org\/es\/wp-json\/wp\/v2\/users\/5"}],"replies":[{"embeddable":true,"href":"https:\/\/gp2.org\/es\/wp-json\/wp\/v2\/comments?post=50025547"}],"version-history":[{"count":0,"href":"https:\/\/gp2.org\/es\/wp-json\/wp\/v2\/pages\/50025547\/revisions"}],"wp:attachment":[{"href":"https:\/\/gp2.org\/es\/wp-json\/wp\/v2\/media?parent=50025547"}],"curies":[{"name":"wp","href":"https:\/\/api.w.org\/{rel}","templated":true}]}}