{"id":50025546,"date":"2024-08-21T14:03:19","date_gmt":"2024-08-21T18:03:19","guid":{"rendered":"https:\/\/gp2stg.wpenginepowered.com\/codigo-de-conducta\/"},"modified":"2025-04-28T11:14:43","modified_gmt":"2025-04-28T15:14:43","slug":"codigo-de-conducta","status":"publish","type":"page","link":"https:\/\/gp2.org\/es\/politicas\/codigo-de-conducta\/","title":{"rendered":"C\u00f3digo de conducta"},"content":{"rendered":"","protected":false},"excerpt":{"rendered":"<p>C\u00f3digo de conducta del Global Parkinson&#8217;s Genetics Program Versi\u00f3n de marzo de 2025 Una de las motivaciones principales del Global Parkinson&#8217;s Genetics Program (GP2) es la creaci\u00f3n de una comunidad mundial de investigadores comprometidos con transformar y hacer avanzar la investigaci\u00f3n de la enfermedad de Parkinson. Para lograrlo, los miembros de esta comunidad tendr\u00e1n que [&hellip;]<\/p>\n","protected":false},"author":8,"featured_media":0,"parent":50025547,"menu_order":0,"comment_status":"closed","ping_status":"closed","template":"","meta":{"_acf_changed":false,"footnotes":"","_links_to":"","_links_to_target":""},"class_list":["post-50025546","page","type-page","status-publish","hentry"],"acf":[],"_links":{"self":[{"href":"https:\/\/gp2.org\/es\/wp-json\/wp\/v2\/pages\/50025546","targetHints":{"allow":["GET"]}}],"collection":[{"href":"https:\/\/gp2.org\/es\/wp-json\/wp\/v2\/pages"}],"about":[{"href":"https:\/\/gp2.org\/es\/wp-json\/wp\/v2\/types\/page"}],"author":[{"embeddable":true,"href":"https:\/\/gp2.org\/es\/wp-json\/wp\/v2\/users\/8"}],"replies":[{"embeddable":true,"href":"https:\/\/gp2.org\/es\/wp-json\/wp\/v2\/comments?post=50025546"}],"version-history":[{"count":0,"href":"https:\/\/gp2.org\/es\/wp-json\/wp\/v2\/pages\/50025546\/revisions"}],"up":[{"embeddable":true,"href":"https:\/\/gp2.org\/es\/wp-json\/wp\/v2\/pages\/50025547"}],"wp:attachment":[{"href":"https:\/\/gp2.org\/es\/wp-json\/wp\/v2\/media?parent=50025546"}],"curies":[{"name":"wp","href":"https:\/\/api.w.org\/{rel}","templated":true}]}}