{"id":50025545,"date":"2024-08-21T15:19:37","date_gmt":"2024-08-21T19:19:37","guid":{"rendered":"https:\/\/gp2stg.wpenginepowered.com\/politica-de-codigo-del-gp2\/"},"modified":"2024-11-13T18:06:45","modified_gmt":"2024-11-13T23:06:45","slug":"politica-de-codigo-del-gp2","status":"publish","type":"page","link":"https:\/\/gp2.org\/es\/politicas\/politica-de-codigo-del-gp2\/","title":{"rendered":"Pol\u00edtica de c\u00f3digo del GP2"},"content":{"rendered":"","protected":false},"excerpt":{"rendered":"<p>Pol\u00edtica de estandarizaci\u00f3n del c\u00f3digo GP2 del Programa Global de Gen\u00e9tica de Parkinson Resumen En general, el Programa Global de Gen\u00e9tica de Parkinson (GP2) tiene como objetivo tener una pol\u00edtica \u201csin sorpresas\u201d donde los an\u00e1lisis, proyectos y manuscritos se coordinen y comuniquen de manera abierta y transparente. Es la voluntad del GP2 que los datos [&hellip;]<\/p>\n","protected":false},"author":8,"featured_media":0,"parent":50025547,"menu_order":0,"comment_status":"closed","ping_status":"closed","template":"","meta":{"_acf_changed":false,"footnotes":"","_links_to":"","_links_to_target":""},"class_list":["post-50025545","page","type-page","status-publish","hentry"],"acf":[],"_links":{"self":[{"href":"https:\/\/gp2.org\/es\/wp-json\/wp\/v2\/pages\/50025545","targetHints":{"allow":["GET"]}}],"collection":[{"href":"https:\/\/gp2.org\/es\/wp-json\/wp\/v2\/pages"}],"about":[{"href":"https:\/\/gp2.org\/es\/wp-json\/wp\/v2\/types\/page"}],"author":[{"embeddable":true,"href":"https:\/\/gp2.org\/es\/wp-json\/wp\/v2\/users\/8"}],"replies":[{"embeddable":true,"href":"https:\/\/gp2.org\/es\/wp-json\/wp\/v2\/comments?post=50025545"}],"version-history":[{"count":0,"href":"https:\/\/gp2.org\/es\/wp-json\/wp\/v2\/pages\/50025545\/revisions"}],"up":[{"embeddable":true,"href":"https:\/\/gp2.org\/es\/wp-json\/wp\/v2\/pages\/50025547"}],"wp:attachment":[{"href":"https:\/\/gp2.org\/es\/wp-json\/wp\/v2\/media?parent=50025545"}],"curies":[{"name":"wp","href":"https:\/\/api.w.org\/{rel}","templated":true}]}}