{"id":50025543,"date":"2024-08-21T15:59:35","date_gmt":"2024-08-21T19:59:35","guid":{"rendered":"https:\/\/gp2stg.wpenginepowered.com\/politica-de-privacidad\/"},"modified":"2024-11-13T18:07:28","modified_gmt":"2024-11-13T23:07:28","slug":"politica-de-privacidad","status":"publish","type":"page","link":"https:\/\/gp2.org\/es\/politica-de-privacidad\/","title":{"rendered":"Pol\u00edtica de privacidad"},"content":{"rendered":"","protected":false},"excerpt":{"rendered":"<p>Pol\u00edtica de privacidad Aligning Science Across Parkinson&#8217;s (ASAP) valora la privacidad de sus usuarios y se compromete a protegerla. Esta pol\u00edtica explica nuestras pr\u00e1cticas de informaci\u00f3n en l\u00ednea y describe las opciones a su disposici\u00f3n en cuanto a la informaci\u00f3n que proporciona, c\u00f3mo se recogen sus datos y c\u00f3mo se usan. Al visitar parkinsonsroadmap.org, GP2.org, [&hellip;]<\/p>\n","protected":false},"author":8,"featured_media":0,"parent":0,"menu_order":0,"comment_status":"closed","ping_status":"closed","template":"","meta":{"_acf_changed":false,"footnotes":"","_links_to":"","_links_to_target":""},"class_list":["post-50025543","page","type-page","status-publish","hentry"],"acf":[],"_links":{"self":[{"href":"https:\/\/gp2.org\/es\/wp-json\/wp\/v2\/pages\/50025543","targetHints":{"allow":["GET"]}}],"collection":[{"href":"https:\/\/gp2.org\/es\/wp-json\/wp\/v2\/pages"}],"about":[{"href":"https:\/\/gp2.org\/es\/wp-json\/wp\/v2\/types\/page"}],"author":[{"embeddable":true,"href":"https:\/\/gp2.org\/es\/wp-json\/wp\/v2\/users\/8"}],"replies":[{"embeddable":true,"href":"https:\/\/gp2.org\/es\/wp-json\/wp\/v2\/comments?post=50025543"}],"version-history":[{"count":0,"href":"https:\/\/gp2.org\/es\/wp-json\/wp\/v2\/pages\/50025543\/revisions"}],"wp:attachment":[{"href":"https:\/\/gp2.org\/es\/wp-json\/wp\/v2\/media?parent=50025543"}],"curies":[{"name":"wp","href":"https:\/\/api.w.org\/{rel}","templated":true}]}}