{"id":50025541,"date":"2024-10-21T12:32:01","date_gmt":"2024-10-21T16:32:01","guid":{"rendered":"https:\/\/gp2stg.wpenginepowered.com\/comunidad-de-investigadores\/organizaciones\/"},"modified":"2024-11-13T18:07:23","modified_gmt":"2024-11-13T23:07:23","slug":"organizaciones","status":"publish","type":"page","link":"https:\/\/gp2.org\/es\/comunidad-de-investigadores\/organizaciones\/","title":{"rendered":"Organizaciones"},"content":{"rendered":"","protected":false},"excerpt":{"rendered":"<p>\u00bfQuiere colaborar con el GP2? Si est\u00e1 interesado en colaborar con GP2 o enviar una cohorte, comun\u00edquese con nosotros y nos comunicaremos con usted para obtener m\u00e1s informaci\u00f3n. Explora m\u00e1s sobre este trabajo Descubre cohortes de todo el mundo Puedes ver las cohortes que colaboran con GP2, as\u00ed como nuestro progreso en la recolecci\u00f3n y [&hellip;]<\/p>\n","protected":false},"author":5,"featured_media":50011988,"parent":50025539,"menu_order":0,"comment_status":"closed","ping_status":"closed","template":"page-partners-listing.php","meta":{"_acf_changed":false,"footnotes":"","_links_to":"","_links_to_target":""},"class_list":["post-50025541","page","type-page","status-publish","hentry"],"acf":[],"_links":{"self":[{"href":"https:\/\/gp2.org\/es\/wp-json\/wp\/v2\/pages\/50025541","targetHints":{"allow":["GET"]}}],"collection":[{"href":"https:\/\/gp2.org\/es\/wp-json\/wp\/v2\/pages"}],"about":[{"href":"https:\/\/gp2.org\/es\/wp-json\/wp\/v2\/types\/page"}],"author":[{"embeddable":true,"href":"https:\/\/gp2.org\/es\/wp-json\/wp\/v2\/users\/5"}],"replies":[{"embeddable":true,"href":"https:\/\/gp2.org\/es\/wp-json\/wp\/v2\/comments?post=50025541"}],"version-history":[{"count":0,"href":"https:\/\/gp2.org\/es\/wp-json\/wp\/v2\/pages\/50025541\/revisions"}],"up":[{"embeddable":true,"href":"https:\/\/gp2.org\/es\/wp-json\/wp\/v2\/pages\/50025539"}],"wp:featuredmedia":[{"embeddable":true,"href":"https:\/\/gp2.org\/es\/wp-json\/wp\/v2\/media\/50011988"}],"wp:attachment":[{"href":"https:\/\/gp2.org\/es\/wp-json\/wp\/v2\/media?parent=50025541"}],"curies":[{"name":"wp","href":"https:\/\/api.w.org\/{rel}","templated":true}]}}