{"id":50025536,"date":"2024-07-15T22:47:06","date_gmt":"2024-07-16T02:47:06","guid":{"rendered":"https:\/\/gp2stg.wpenginepowered.com\/inicio\/"},"modified":"2024-12-18T09:37:59","modified_gmt":"2024-12-18T14:37:59","slug":"inicio","status":"publish","type":"page","link":"https:\/\/gp2.org\/es\/","title":{"rendered":"Inicio"},"content":{"rendered":"","protected":false},"excerpt":{"rendered":"<p>Nuestro objetivo Para genotipar a m\u00e1s de 250.000 voluntarios de todo el mundo. Utilizando este conocimiento, aceleraremos el desarrollo y la implementaci\u00f3n de estrategias terap\u00e9uticas para la EP y construiremos una comunidad para abordar las necesidades emergentes en la investigaci\u00f3n de la EP. As\u00ed es c\u00f3mo lo hacemos Recopilaci\u00f3n de muestras y datos de todo [&hellip;]<\/p>\n","protected":false},"author":2,"featured_media":0,"parent":0,"menu_order":0,"comment_status":"closed","ping_status":"closed","template":"","meta":{"_acf_changed":false,"footnotes":"","_links_to":"","_links_to_target":""},"class_list":["post-50025536","page","type-page","status-publish","hentry"],"acf":[],"_links":{"self":[{"href":"https:\/\/gp2.org\/es\/wp-json\/wp\/v2\/pages\/50025536","targetHints":{"allow":["GET"]}}],"collection":[{"href":"https:\/\/gp2.org\/es\/wp-json\/wp\/v2\/pages"}],"about":[{"href":"https:\/\/gp2.org\/es\/wp-json\/wp\/v2\/types\/page"}],"author":[{"embeddable":true,"href":"https:\/\/gp2.org\/es\/wp-json\/wp\/v2\/users\/2"}],"replies":[{"embeddable":true,"href":"https:\/\/gp2.org\/es\/wp-json\/wp\/v2\/comments?post=50025536"}],"version-history":[{"count":0,"href":"https:\/\/gp2.org\/es\/wp-json\/wp\/v2\/pages\/50025536\/revisions"}],"wp:attachment":[{"href":"https:\/\/gp2.org\/es\/wp-json\/wp\/v2\/media?parent=50025536"}],"curies":[{"name":"wp","href":"https:\/\/api.w.org\/{rel}","templated":true}]}}