{"id":50024570,"date":"2024-08-27T14:36:36","date_gmt":"2024-08-27T18:36:36","guid":{"rendered":"https:\/\/gp2stg.wpenginepowered.com\/politica-de-acceso-libre\/"},"modified":"2024-11-13T18:07:20","modified_gmt":"2024-11-13T23:07:20","slug":"politica-de-acceso-libre","status":"publish","type":"page","link":"https:\/\/gp2.org\/es\/politica-de-acceso-libre\/","title":{"rendered":"Pol\u00edtica de acceso libre"},"content":{"rendered":"","protected":false},"excerpt":{"rendered":"<p>Principio rector de la pol\u00edtica de acceso abierto de ASAP El acceso abierto (OA) se refiere a un conjunto de pol\u00edticas que permiten que los resultados de las investigaciones se distribuyan en l\u00ednea, sin costo u otras barreras de acceso. ASAP aspira a construir un futuro en el que la colaboraci\u00f3n significativa, los recursos fundamentales [&hellip;]<\/p>\n","protected":false},"author":9,"featured_media":0,"parent":0,"menu_order":0,"comment_status":"closed","ping_status":"closed","template":"","meta":{"_acf_changed":false,"footnotes":"","_links_to":"","_links_to_target":""},"class_list":["post-50024570","page","type-page","status-publish","hentry"],"acf":[],"_links":{"self":[{"href":"https:\/\/gp2.org\/es\/wp-json\/wp\/v2\/pages\/50024570","targetHints":{"allow":["GET"]}}],"collection":[{"href":"https:\/\/gp2.org\/es\/wp-json\/wp\/v2\/pages"}],"about":[{"href":"https:\/\/gp2.org\/es\/wp-json\/wp\/v2\/types\/page"}],"author":[{"embeddable":true,"href":"https:\/\/gp2.org\/es\/wp-json\/wp\/v2\/users\/9"}],"replies":[{"embeddable":true,"href":"https:\/\/gp2.org\/es\/wp-json\/wp\/v2\/comments?post=50024570"}],"version-history":[{"count":0,"href":"https:\/\/gp2.org\/es\/wp-json\/wp\/v2\/pages\/50024570\/revisions"}],"wp:attachment":[{"href":"https:\/\/gp2.org\/es\/wp-json\/wp\/v2\/media?parent=50024570"}],"curies":[{"name":"wp","href":"https:\/\/api.w.org\/{rel}","templated":true}]}}