{"id":50037060,"date":"2025-07-09T17:47:46","date_gmt":"2025-07-09T21:47:46","guid":{"rendered":"https:\/\/gp2stg.wpenginepowered.com\/daten-ressourcen\/meilenstein-analysen\/"},"modified":"2025-07-09T17:47:46","modified_gmt":"2025-07-09T21:47:46","slug":"meilenstein-analysen","status":"publish","type":"page","link":"https:\/\/gp2.org\/de\/daten-ressourcen\/meilenstein-analysen\/","title":{"rendered":"Meilenstein-Analysen"},"content":{"rendered":"","protected":false},"excerpt":{"rendered":"<p>Meilenstein-Analysen. Meilenstein-Analysen oder Kernanalysen sind umfassende GP2-weite Analysen, die sich \u00fcber mehrere Kohorten hinweg mit wichtigen Fragestellungen besch\u00e4ftigen. Sie werden zentral innerhalb von GP2 durchgef\u00fchrt, und alle GP2-Mitglieder sind eingeladen, sich den Teams anzuschlie\u00dfen, die diese Arbeiten durchf\u00fchren und publizieren.\u00a0 Die Analysearbeit wird in der Regel von der Arbeitsgruppe Datenanalyse und der GP2-Analysegruppe durchgef\u00fchrt. Alle [&hellip;]<\/p>\n","protected":false},"author":20,"featured_media":0,"parent":50025633,"menu_order":0,"comment_status":"closed","ping_status":"closed","template":"","meta":{"_acf_changed":false,"footnotes":"","_links_to":"","_links_to_target":""},"class_list":["post-50037060","page","type-page","status-publish","hentry"],"acf":[],"_links":{"self":[{"href":"https:\/\/gp2.org\/de\/wp-json\/wp\/v2\/pages\/50037060","targetHints":{"allow":["GET"]}}],"collection":[{"href":"https:\/\/gp2.org\/de\/wp-json\/wp\/v2\/pages"}],"about":[{"href":"https:\/\/gp2.org\/de\/wp-json\/wp\/v2\/types\/page"}],"author":[{"embeddable":true,"href":"https:\/\/gp2.org\/de\/wp-json\/wp\/v2\/users\/20"}],"replies":[{"embeddable":true,"href":"https:\/\/gp2.org\/de\/wp-json\/wp\/v2\/comments?post=50037060"}],"version-history":[{"count":0,"href":"https:\/\/gp2.org\/de\/wp-json\/wp\/v2\/pages\/50037060\/revisions"}],"up":[{"embeddable":true,"href":"https:\/\/gp2.org\/de\/wp-json\/wp\/v2\/pages\/50025633"}],"wp:attachment":[{"href":"https:\/\/gp2.org\/de\/wp-json\/wp\/v2\/media?parent=50037060"}],"curies":[{"name":"wp","href":"https:\/\/api.w.org\/{rel}","templated":true}]}}