{"id":50025633,"date":"2024-08-22T14:09:27","date_gmt":"2024-08-22T18:09:27","guid":{"rendered":"https:\/\/gp2stg.wpenginepowered.com\/daten-ressourcen\/"},"modified":"2024-11-13T22:36:33","modified_gmt":"2024-11-14T03:36:33","slug":"daten-ressourcen","status":"publish","type":"page","link":"https:\/\/gp2.org\/de\/daten-ressourcen\/","title":{"rendered":"Daten-Ressourcen"},"content":{"rendered":"","protected":false},"excerpt":{"rendered":"<p>Erkunden Sie die Datenressourcen von GP2 \u2013 Karte globaler Aktivit\u00e4ten. Sehen Sie sich in diesem interaktiven Dashboard die am GP2-Netzwerk beteiligten Kohorten an, einschlie\u00dflich Standort, Daten, Anzahl der Proben f\u00fcr die Genotypisierung und einer Aufschl\u00fcsselung der Vorfahren der vollst\u00e4ndigen Proben, die mit AMP\u00ae PD geteilt wurden. Sie k\u00f6nnen sich au\u00dferdem die Karte mit monogenen Ressourcen [&hellip;]<\/p>\n","protected":false},"author":10,"featured_media":50000319,"parent":0,"menu_order":0,"comment_status":"closed","ping_status":"closed","template":"template-section-parent.php","meta":{"_acf_changed":false,"footnotes":"","_links_to":"","_links_to_target":""},"class_list":["post-50025633","page","type-page","status-publish","hentry"],"acf":[],"_links":{"self":[{"href":"https:\/\/gp2.org\/de\/wp-json\/wp\/v2\/pages\/50025633","targetHints":{"allow":["GET"]}}],"collection":[{"href":"https:\/\/gp2.org\/de\/wp-json\/wp\/v2\/pages"}],"about":[{"href":"https:\/\/gp2.org\/de\/wp-json\/wp\/v2\/types\/page"}],"author":[{"embeddable":true,"href":"https:\/\/gp2.org\/de\/wp-json\/wp\/v2\/users\/10"}],"replies":[{"embeddable":true,"href":"https:\/\/gp2.org\/de\/wp-json\/wp\/v2\/comments?post=50025633"}],"version-history":[{"count":0,"href":"https:\/\/gp2.org\/de\/wp-json\/wp\/v2\/pages\/50025633\/revisions"}],"wp:featuredmedia":[{"embeddable":true,"href":"https:\/\/gp2.org\/de\/wp-json\/wp\/v2\/media\/50000319"}],"wp:attachment":[{"href":"https:\/\/gp2.org\/de\/wp-json\/wp\/v2\/media?parent=50025633"}],"curies":[{"name":"wp","href":"https:\/\/api.w.org\/{rel}","templated":true}]}}