{"id":50025502,"date":"2024-08-20T17:19:35","date_gmt":"2024-08-20T21:19:35","guid":{"rendered":"https:\/\/gp2stg.wpenginepowered.com\/ausbildung\/"},"modified":"2024-11-13T22:36:27","modified_gmt":"2024-11-14T03:36:27","slug":"ausbildung","status":"publish","type":"page","link":"https:\/\/gp2.org\/de\/ausbildung\/","title":{"rendered":"Ausbildung"},"content":{"rendered":"","protected":false},"excerpt":{"rendered":"<p>Schulung: Bei GP2 setzen wir uns daf\u00fcr ein, eine globale Forschungsgemeinschaft aufzubauen, die \u00fcber die n\u00f6tigen Werkzeuge und die Infrastruktur verf\u00fcgt, um auf neue Forschungsbed\u00fcrfnisse und -fragen einzugehen. Das Ziel von GP2 besteht nicht nur darin, unser Verst\u00e4ndnis von der Rolle der Genetik bei der Parkinson-Krankheit in verschiedenen Populationen der Weltbev\u00f6lkerungen zu verbessern, sondern auch [&hellip;]<\/p>\n","protected":false},"author":5,"featured_media":0,"parent":0,"menu_order":0,"comment_status":"closed","ping_status":"closed","template":"","meta":{"_acf_changed":false,"footnotes":"","_links_to":"","_links_to_target":""},"class_list":["post-50025502","page","type-page","status-publish","hentry"],"acf":[],"_links":{"self":[{"href":"https:\/\/gp2.org\/de\/wp-json\/wp\/v2\/pages\/50025502","targetHints":{"allow":["GET"]}}],"collection":[{"href":"https:\/\/gp2.org\/de\/wp-json\/wp\/v2\/pages"}],"about":[{"href":"https:\/\/gp2.org\/de\/wp-json\/wp\/v2\/types\/page"}],"author":[{"embeddable":true,"href":"https:\/\/gp2.org\/de\/wp-json\/wp\/v2\/users\/5"}],"replies":[{"embeddable":true,"href":"https:\/\/gp2.org\/de\/wp-json\/wp\/v2\/comments?post=50025502"}],"version-history":[{"count":0,"href":"https:\/\/gp2.org\/de\/wp-json\/wp\/v2\/pages\/50025502\/revisions"}],"wp:attachment":[{"href":"https:\/\/gp2.org\/de\/wp-json\/wp\/v2\/media?parent=50025502"}],"curies":[{"name":"wp","href":"https:\/\/api.w.org\/{rel}","templated":true}]}}