{"id":50025494,"date":"2024-10-24T12:50:41","date_gmt":"2024-10-24T16:50:41","guid":{"rendered":"https:\/\/gp2stg.wpenginepowered.com\/interaktive-karte\/"},"modified":"2025-01-13T17:20:09","modified_gmt":"2025-01-13T22:20:09","slug":"interaktive-karte","status":"publish","type":"page","link":"https:\/\/gp2.org\/de\/daten-ressourcen\/interaktive-karte\/","title":{"rendered":"Interaktive Karte"},"content":{"rendered":"","protected":false},"excerpt":{"rendered":"<p>Eine Kohorte einreichen Wenn Sie gerne mit GP2 zusammenarbeiten m\u00f6chten, geben wir Ihnen gerne Auskunft dar\u00fcber, wie Sie eine Kohorte einreichen oder Mitglied werden k\u00f6nnen. AMP\u00ae PD-Datensatz anfordern Bei Abschluss der Genotypisierung einer Kohorte durch GP2 werden alle Daten \u00fcber die gesicherte AMP\u00ae-PD-Plattform freigegeben. Registrieren Sie sich, um Zugang zu diesen Daten zu erhalten. \u00dcberblick [&hellip;]<\/p>\n","protected":false},"author":13,"featured_media":0,"parent":50025633,"menu_order":0,"comment_status":"closed","ping_status":"closed","template":"page-interactive-map.php","meta":{"_acf_changed":false,"footnotes":"","_links_to":"","_links_to_target":""},"class_list":["post-50025494","page","type-page","status-publish","hentry"],"acf":[],"_links":{"self":[{"href":"https:\/\/gp2.org\/de\/wp-json\/wp\/v2\/pages\/50025494","targetHints":{"allow":["GET"]}}],"collection":[{"href":"https:\/\/gp2.org\/de\/wp-json\/wp\/v2\/pages"}],"about":[{"href":"https:\/\/gp2.org\/de\/wp-json\/wp\/v2\/types\/page"}],"author":[{"embeddable":true,"href":"https:\/\/gp2.org\/de\/wp-json\/wp\/v2\/users\/13"}],"replies":[{"embeddable":true,"href":"https:\/\/gp2.org\/de\/wp-json\/wp\/v2\/comments?post=50025494"}],"version-history":[{"count":0,"href":"https:\/\/gp2.org\/de\/wp-json\/wp\/v2\/pages\/50025494\/revisions"}],"up":[{"embeddable":true,"href":"https:\/\/gp2.org\/de\/wp-json\/wp\/v2\/pages\/50025633"}],"wp:attachment":[{"href":"https:\/\/gp2.org\/de\/wp-json\/wp\/v2\/media?parent=50025494"}],"curies":[{"name":"wp","href":"https:\/\/api.w.org\/{rel}","templated":true}]}}