{"id":50025488,"date":"2024-08-20T15:44:04","date_gmt":"2024-08-20T19:44:04","guid":{"rendered":"https:\/\/gp2stg.wpenginepowered.com\/richtlinien\/"},"modified":"2025-01-07T14:55:22","modified_gmt":"2025-01-07T19:55:22","slug":"richtlinien","status":"publish","type":"page","link":"https:\/\/gp2.org\/de\/richtlinien\/","title":{"rendered":"Richtlinien"},"content":{"rendered":"","protected":false},"excerpt":{"rendered":"<p>Richtlinien Das Global Parkinson\\&#8217;s Genetics Program (GP2) ist ein Projekt, das entwickelt wurde, um sinnvolle, multidisziplin\u00e4re Zusammenarbeit bei der Bew\u00e4ltigung wissenschaftlicher Herausforderungen im Bereich der Parkinson-Krankheit (PD) zu unterst\u00fctzen. Wir generieren fortlaufend Ressourcen, die Orientierung und hilfreiche Informationen f\u00fcr Wissenschaftler*innen und Forscher*innen auf der ganzen Welt liefern. Richtlinien Verhaltenskodex Ein zentrales Element von GP2 ist [&hellip;]<\/p>\n","protected":false},"author":5,"featured_media":0,"parent":0,"menu_order":0,"comment_status":"closed","ping_status":"closed","template":"","meta":{"_acf_changed":false,"footnotes":"","_links_to":"","_links_to_target":""},"class_list":["post-50025488","page","type-page","status-publish","hentry"],"acf":[],"_links":{"self":[{"href":"https:\/\/gp2.org\/de\/wp-json\/wp\/v2\/pages\/50025488","targetHints":{"allow":["GET"]}}],"collection":[{"href":"https:\/\/gp2.org\/de\/wp-json\/wp\/v2\/pages"}],"about":[{"href":"https:\/\/gp2.org\/de\/wp-json\/wp\/v2\/types\/page"}],"author":[{"embeddable":true,"href":"https:\/\/gp2.org\/de\/wp-json\/wp\/v2\/users\/5"}],"replies":[{"embeddable":true,"href":"https:\/\/gp2.org\/de\/wp-json\/wp\/v2\/comments?post=50025488"}],"version-history":[{"count":0,"href":"https:\/\/gp2.org\/de\/wp-json\/wp\/v2\/pages\/50025488\/revisions"}],"wp:attachment":[{"href":"https:\/\/gp2.org\/de\/wp-json\/wp\/v2\/media?parent=50025488"}],"curies":[{"name":"wp","href":"https:\/\/api.w.org\/{rel}","templated":true}]}}