{"id":50025485,"date":"2024-08-27T16:27:58","date_gmt":"2024-08-27T20:27:58","guid":{"rendered":"https:\/\/gp2stg.wpenginepowered.com\/gp2-learning-platform\/"},"modified":"2024-11-13T22:37:47","modified_gmt":"2024-11-14T03:37:47","slug":"gp2-learning-platform","status":"publish","type":"page","link":"https:\/\/gp2.org\/de\/ausbildung\/gp2-learning-platform\/","title":{"rendered":"GP2-Lernplattform"},"content":{"rendered":"","protected":false},"excerpt":{"rendered":"<p>GP2-Lernplattform Das Global Parkinson&#8217;s Genetics Program (GP2) verwendet Rise, ein Online-Schulungssystem, das sicher und f\u00fcr alle an der Parkinson-Forschung interessierten Auszubildenden und Forscher zug\u00e4nglich ist. Diese Plattform ist kostenlos und f\u00fcr jede Person auf der Welt zug\u00e4nglich. Sie umfasst Kurse und andere von GP2 erstellte Inhalte. F\u00fcr die Registrierung f\u00fcllen Sie bitte das folgende Formular [&hellip;]<\/p>\n","protected":false},"author":9,"featured_media":0,"parent":50025502,"menu_order":0,"comment_status":"closed","ping_status":"closed","template":"","meta":{"_acf_changed":false,"footnotes":"","_links_to":"","_links_to_target":""},"class_list":["post-50025485","page","type-page","status-publish","hentry"],"acf":[],"_links":{"self":[{"href":"https:\/\/gp2.org\/de\/wp-json\/wp\/v2\/pages\/50025485","targetHints":{"allow":["GET"]}}],"collection":[{"href":"https:\/\/gp2.org\/de\/wp-json\/wp\/v2\/pages"}],"about":[{"href":"https:\/\/gp2.org\/de\/wp-json\/wp\/v2\/types\/page"}],"author":[{"embeddable":true,"href":"https:\/\/gp2.org\/de\/wp-json\/wp\/v2\/users\/9"}],"replies":[{"embeddable":true,"href":"https:\/\/gp2.org\/de\/wp-json\/wp\/v2\/comments?post=50025485"}],"version-history":[{"count":0,"href":"https:\/\/gp2.org\/de\/wp-json\/wp\/v2\/pages\/50025485\/revisions"}],"up":[{"embeddable":true,"href":"https:\/\/gp2.org\/de\/wp-json\/wp\/v2\/pages\/50025502"}],"wp:attachment":[{"href":"https:\/\/gp2.org\/de\/wp-json\/wp\/v2\/media?parent=50025485"}],"curies":[{"name":"wp","href":"https:\/\/api.w.org\/{rel}","templated":true}]}}