{"id":50025473,"date":"2024-08-21T16:53:28","date_gmt":"2024-08-21T20:53:28","guid":{"rendered":"https:\/\/gp2stg.wpenginepowered.com\/about\/"},"modified":"2024-11-13T22:42:10","modified_gmt":"2024-11-14T03:42:10","slug":"about","status":"publish","type":"page","link":"https:\/\/gp2.org\/de\/about\/","title":{"rendered":"\u00dcber uns"},"content":{"rendered":"","protected":false},"excerpt":{"rendered":"<p>Informationen zu GP2: Das Global Parkinson&#8217;s Genetics Program (GP2) ist ein Ressourcenprogramm f\u00fcr die Initiative Aligning Science Across Parkinson&#8217;s (ASAP), dessen Schwerpunkt darauf liegt, das Verst\u00e4ndnis der genetischen Architektur der Parkinson-Krankheit (PD) zu verbessern und dieses Wissen weltweit relevant und zug\u00e4nglich zu machen.\u00a0 GP2 besteht aus Arbeitsgruppen, Mitgliedsorganisationen und Forschenden aus der ganzen Welt, die [&hellip;]<\/p>\n","protected":false},"author":9,"featured_media":0,"parent":0,"menu_order":0,"comment_status":"closed","ping_status":"closed","template":"","meta":{"_acf_changed":false,"footnotes":"","_links_to":"","_links_to_target":""},"class_list":["post-50025473","page","type-page","status-publish","hentry"],"acf":[],"_links":{"self":[{"href":"https:\/\/gp2.org\/de\/wp-json\/wp\/v2\/pages\/50025473","targetHints":{"allow":["GET"]}}],"collection":[{"href":"https:\/\/gp2.org\/de\/wp-json\/wp\/v2\/pages"}],"about":[{"href":"https:\/\/gp2.org\/de\/wp-json\/wp\/v2\/types\/page"}],"author":[{"embeddable":true,"href":"https:\/\/gp2.org\/de\/wp-json\/wp\/v2\/users\/9"}],"replies":[{"embeddable":true,"href":"https:\/\/gp2.org\/de\/wp-json\/wp\/v2\/comments?post=50025473"}],"version-history":[{"count":0,"href":"https:\/\/gp2.org\/de\/wp-json\/wp\/v2\/pages\/50025473\/revisions"}],"wp:attachment":[{"href":"https:\/\/gp2.org\/de\/wp-json\/wp\/v2\/media?parent=50025473"}],"curies":[{"name":"wp","href":"https:\/\/api.w.org\/{rel}","templated":true}]}}